{"id":184,"date":"2025-08-06T08:41:29","date_gmt":"2025-08-06T13:41:29","guid":{"rendered":"https:\/\/ecoweb.com.co\/orbital\/?page_id=184"},"modified":"2025-08-06T08:41:57","modified_gmt":"2025-08-06T13:41:57","slug":"transporte-maritimo","status":"publish","type":"page","link":"https:\/\/www.orbital.com.co\/english\/transporte-maritimo\/","title":{"rendered":"Transporte Mar\u00edtimo"},"content":{"rendered":"<div class=\"wpb-content-wrapper\"><p>[vc_row full_width=&#8221;stretch_row_content_no_spaces&#8221; css=&#8221;.vc_custom_1754487427883{margin-top: -20px !important;}&#8221; conditional_render=&#8221;%5B%7B%22value_role%22%3A%22administrator%22%7D%5D&#8221; animation_type=&#8221;bounceIn&#8221;][vc_column][rev_slider_vc alias=&#8221;internas&#8221;][\/vc_column][\/vc_row][vc_row content_placement=&#8221;middle&#8221; conditional_render=&#8221;%5B%7B%22value_role%22%3A%22administrator%22%7D%5D&#8221; css=&#8221;.vc_custom_1754487688369{padding-top: 70px !important;padding-bottom: 50px !important;}&#8221; animation_type=&#8221;bounceInLeft&#8221;][vc_column width=&#8221;1\/2&#8243; conditional_render=&#8221;%5B%7B%22value_role%22%3A%22administrator%22%7D%5D&#8221;][vc_single_image image=&#8221;19&#8243; img_size=&#8221;full&#8221; label=&#8221;&#8221;][\/vc_column][vc_column width=&#8221;1\/2&#8243;][vc_column_text]<\/p>\n<h1>Nuestros Servicios<\/h1>\n<h2>Transporte Mar\u00edtimo<\/h2>\n<p>[\/vc_column_text][vc_column_text]<\/p>\n<p style=\"text-align: justify;\">Trabajamos con Navieras de gran trayectoria y reconocimiento a nivel mundial que garantizan los mejores fletes y condiciones en destino, adem\u00e1s, ofrecemos tiempos de tr\u00e1nsito \u00f3ptimos y trayectos eficaces que evitan sobre costos.<\/p>\n<p>[\/vc_column_text][vc_column_text css=&#8221;.vc_custom_1754487601776{padding-top: 15px !important;}&#8221;]<\/p>\n<p style=\"text-align: left;\"><a style=\"text-decoration: none;\" href=\"https:\/\/api.whatsapp.com\/send\/?phone=573053100179&amp;text&amp;type=phone_number&amp;app_absent=0\"><span class=\"ver\">Solicitar servicio<\/span><\/a><\/p>\n<p>[\/vc_column_text][\/vc_column][\/vc_row]<\/p>\n<\/div>","protected":false},"excerpt":{"rendered":"<p>[vc_row full_width=&#8221;stretch_row_content_no_spaces&#8221; css=&#8221;.vc_custom_1754487427883{margin-top: -20px !important;}&#8221; conditional_render=&#8221;%5B%7B%22value_role%22%3A%22administrator%22%7D%5D&#8221; animation_type=&#8221;bounceIn&#8221;][vc_column][rev_slider_vc alias=&#8221;internas&#8221;][\/vc_column][\/vc_row][vc_row content_placement=&#8221;middle&#8221; conditional_render=&#8221;%5B%7B%22value_role%22%3A%22administrator%22%7D%5D&#8221; css=&#8221;.vc_custom_1754487688369{padding-top: 70px !important;padding-bottom: 50px !important;}&#8221; animation_type=&#8221;bounceInLeft&#8221;][vc_column width=&#8221;1\/2&#8243; conditional_render=&#8221;%5B%7B%22value_role%22%3A%22administrator%22%7D%5D&#8221;][vc_single_image image=&#8221;19&#8243; img_size=&#8221;full&#8221; label=&#8221;&#8221;][\/vc_column][vc_column width=&#8221;1\/2&#8243;][vc_column_text] Nuestros Servicios Transporte Mar\u00edtimo [\/vc_column_text][vc_column_text] Trabajamos con Navieras de gran trayectoria y reconocimiento a nivel mundial que garantizan los mejores fletes y condiciones en destino, adem\u00e1s, ofrecemos tiempos de tr\u00e1nsito \u00f3ptimos y trayectos [&hellip;]<\/p>\n","protected":false},"author":1,"featured_media":0,"parent":0,"menu_order":0,"comment_status":"closed","ping_status":"closed","template":"","meta":{"_joinchat":[],"footnotes":""},"class_list":["post-184","page","type-page","status-publish","hentry"],"_links":{"self":[{"href":"https:\/\/www.orbital.com.co\/english\/wp-json\/wp\/v2\/pages\/184","targetHints":{"allow":["GET"]}}],"collection":[{"href":"https:\/\/www.orbital.com.co\/english\/wp-json\/wp\/v2\/pages"}],"about":[{"href":"https:\/\/www.orbital.com.co\/english\/wp-json\/wp\/v2\/types\/page"}],"author":[{"embeddable":true,"href":"https:\/\/www.orbital.com.co\/english\/wp-json\/wp\/v2\/users\/1"}],"replies":[{"embeddable":true,"href":"https:\/\/www.orbital.com.co\/english\/wp-json\/wp\/v2\/comments?post=184"}],"version-history":[{"count":6,"href":"https:\/\/www.orbital.com.co\/english\/wp-json\/wp\/v2\/pages\/184\/revisions"}],"predecessor-version":[{"id":198,"href":"https:\/\/www.orbital.com.co\/english\/wp-json\/wp\/v2\/pages\/184\/revisions\/198"}],"wp:attachment":[{"href":"https:\/\/www.orbital.com.co\/english\/wp-json\/wp\/v2\/media?parent=184"}],"curies":[{"name":"wp","href":"https:\/\/api.w.org\/{rel}","templated":true}]}}